{"id":16670,"date":"2024-09-18T00:00:54","date_gmt":"2024-09-17T22:00:54","guid":{"rendered":"https:\/\/test.bi.glpch2.dev\/actualites\/initiatives-referendums-petitions\/"},"modified":"2024-10-18T16:34:06","modified_gmt":"2024-10-18T14:34:06","slug":"initiatives-referendums-petitions","status":"publish","type":"page","link":"https:\/\/test.bi.glpch2.dev\/fr\/initiatives-referendums-petitions\/","title":{"rendered":"Initiatives, r\u00e9f\u00e9rendums et p\u00e9titions"},"content":{"rendered":"\t\t<div data-elementor-type=\"wp-page\" data-elementor-id=\"16670\" class=\"elementor elementor-16670 elementor-16002\" data-elementor-post-type=\"page\">\n\t\t\t\t<div class=\"elementor-element elementor-element-5fa381b5 e-con-full e-flex e-con e-parent\" data-id=\"5fa381b5\" data-element_type=\"container\" data-e-type=\"container\">\n\t\t<div class=\"elementor-element elementor-element-559e1629 e-con-full e-flex e-con e-child\" data-id=\"559e1629\" data-element_type=\"container\" data-e-type=\"container\" data-settings=\"{&quot;background_background&quot;:&quot;classic&quot;}\">\n\t\t\t\t<\/div>\n\t\t<div class=\"elementor-element elementor-element-ae55cc2 e-flex e-con-boxed e-con e-child\" data-id=\"ae55cc2\" data-element_type=\"container\" data-e-type=\"container\">\n\t\t\t\t\t<div class=\"e-con-inner\">\n\t\t<div class=\"elementor-element elementor-element-3d271c40 e-flex e-con-boxed e-con e-child\" data-id=\"3d271c40\" data-element_type=\"container\" data-e-type=\"container\">\n\t\t\t\t\t<div class=\"e-con-inner\">\n\t\t\t\t<div class=\"elementor-element elementor-element-64c73e00 elementor-widget elementor-widget-jet-breadcrumbs\" data-id=\"64c73e00\" data-element_type=\"widget\" data-e-type=\"widget\" data-widget_type=\"jet-breadcrumbs.default\">\n\t\t\t\t<div class=\"elementor-widget-container\">\n\t\t\t\t\t<div class=\"elementor-jet-breadcrumbs jet-blocks\">\n\t\t<div class=\"jet-breadcrumbs\">\n\t\t<div class=\"jet-breadcrumbs__content\">\n\t\t<div class=\"jet-breadcrumbs__wrap\"><div class=\"jet-breadcrumbs__item\"><a href=\"https:\/\/test.bi.glpch2.dev\/fr\/\" class=\"jet-breadcrumbs__item-link is-home\" rel=\"home\" title=\"\">  <\/a><\/div>\n\t\t<\/div>\n\t\t<\/div>\n\t\t<\/div><\/div>\t\t\t\t<\/div>\n\t\t\t\t<\/div>\n\t\t\t\t\t<\/div>\n\t\t\t\t<\/div>\n\t\t<div class=\"elementor-element elementor-element-18430cb4 e-con-full e-flex e-con e-child\" data-id=\"18430cb4\" data-element_type=\"container\" data-e-type=\"container\">\n\t\t<div class=\"elementor-element elementor-element-302a5647 e-con-full e-flex e-con e-child\" data-id=\"302a5647\" data-element_type=\"container\" data-e-type=\"container\">\n\t\t\t\t<div class=\"elementor-element elementor-element-63670af6 elementor-widget elementor-widget-heading\" data-id=\"63670af6\" data-element_type=\"widget\" data-e-type=\"widget\" data-widget_type=\"heading.default\">\n\t\t\t\t<div class=\"elementor-widget-container\">\n\t\t\t\t\t<h2 class=\"elementor-heading-title elementor-size-default\">Actuel<\/h2>\t\t\t\t<\/div>\n\t\t\t\t<\/div>\n\t\t\t\t<\/div>\n\t\t<div class=\"elementor-element elementor-element-12caeed2 e-con-full e-flex e-con e-child\" data-id=\"12caeed2\" data-element_type=\"container\" data-e-type=\"container\">\n\t\t\t\t<div class=\"elementor-element elementor-element-2d259519 elementor-widget elementor-widget-heading\" data-id=\"2d259519\" data-element_type=\"widget\" data-e-type=\"widget\" data-widget_type=\"heading.default\">\n\t\t\t\t<div class=\"elementor-widget-container\">\n\t\t\t\t\t<h1 class=\"elementor-heading-title elementor-size-default\">Initiatives, r\u00e9f\u00e9rendums et p\u00e9titions<\/h1>\t\t\t\t<\/div>\n\t\t\t\t<\/div>\n\t\t\t\t<div class=\"elementor-element elementor-element-f1db360 elementor-widget elementor-widget-spacer\" data-id=\"f1db360\" data-element_type=\"widget\" data-e-type=\"widget\" data-widget_type=\"spacer.default\">\n\t\t\t\t<div class=\"elementor-widget-container\">\n\t\t\t\t\t\t\t<div class=\"elementor-spacer\">\n\t\t\t<div class=\"elementor-spacer-inner\"><\/div>\n\t\t<\/div>\n\t\t\t\t\t\t<\/div>\n\t\t\t\t<\/div>\n\t\t\t\t<div class=\"elementor-element elementor-element-9e65d9a elementor-hidden-mobile elementor-widget elementor-widget-heading\" data-id=\"9e65d9a\" data-element_type=\"widget\" data-e-type=\"widget\" data-widget_type=\"heading.default\">\n\t\t\t\t<div class=\"elementor-widget-container\">\n\t\t\t\t\t<h2 class=\"elementor-heading-title elementor-size-default\">Ensemble, nous fa\u00e7onnons une Suisse tourn\u00e9e vers l\u2019avenir et qui allie les valeurs de la durabilit\u00e9 \u00e0 celles du lib\u00e9ralisme. Chaque signature compte \u2013 participez au changement !<\/h2>\t\t\t\t<\/div>\n\t\t\t\t<\/div>\n\t\t\t\t<\/div>\n\t\t\t\t<\/div>\n\t\t\t\t\t<\/div>\n\t\t\t\t<\/div>\n\t\t\t\t<\/div>\n\t\t\t\t<\/div>\n\t\t","protected":false},"excerpt":{"rendered":"<p>Actuel Initiatives, r\u00e9f\u00e9rendums et p\u00e9titions Ensemble, nous fa\u00e7onnons une Suisse tourn\u00e9e vers l\u2019avenir et qui allie les valeurs de la durabilit\u00e9 \u00e0 celles du lib\u00e9ralisme. Chaque signature compte \u2013 participez au changement !<\/p>\n","protected":false},"author":1,"featured_media":0,"parent":0,"menu_order":0,"comment_status":"closed","ping_status":"closed","template":"","meta":{"footnotes":""},"class_list":["post-16670","page","type-page","status-publish","hentry"],"_links":{"self":[{"href":"https:\/\/test.bi.glpch2.dev\/fr\/wp-json\/wp\/v2\/pages\/16670","targetHints":{"allow":["GET"]}}],"collection":[{"href":"https:\/\/test.bi.glpch2.dev\/fr\/wp-json\/wp\/v2\/pages"}],"about":[{"href":"https:\/\/test.bi.glpch2.dev\/fr\/wp-json\/wp\/v2\/types\/page"}],"author":[{"embeddable":true,"href":"https:\/\/test.bi.glpch2.dev\/fr\/wp-json\/wp\/v2\/users\/1"}],"replies":[{"embeddable":true,"href":"https:\/\/test.bi.glpch2.dev\/fr\/wp-json\/wp\/v2\/comments?post=16670"}],"version-history":[{"count":0,"href":"https:\/\/test.bi.glpch2.dev\/fr\/wp-json\/wp\/v2\/pages\/16670\/revisions"}],"wp:attachment":[{"href":"https:\/\/test.bi.glpch2.dev\/fr\/wp-json\/wp\/v2\/media?parent=16670"}],"curies":[{"name":"wp","href":"https:\/\/api.w.org\/{rel}","templated":true}]}}